{"id":418,"date":"2009-03-17T14:49:31","date_gmt":"2009-03-17T17:49:31","guid":{"rendered":"http:\/\/www.mrtrader.com.ar\/?page_id=418"},"modified":"2009-11-29T17:01:48","modified_gmt":"2009-11-29T20:01:48","slug":"contacto","status":"publish","type":"page","link":"http:\/\/www.mrtrader.com.ar\/?page_id=418","title":{"rendered":"Publicitar en Mr. TRADER"},"content":{"rendered":"<p align=\"justify\">En Mr. TRADER estamos seguros que si hacemos lo necesario para que nuestros anunciantes y lectores obtengan ganancias entonces nuestra empresa tambi\u00e9n crecer\u00e1 y cada uno de los que forman nuestro equipo. La publicidad en Internet nos apasiona y damos nuestro mejor esfuerzo para combinar el contenido de nuestro sitio con la publicidad de su negocio y los beneficios de nuestros lectores. Cada d\u00eda damos nuestro mejor esfuerzo, trabajamos en equipo y buscamos mejorar la eficiencia y productividad de nuestros procesos para que las campa\u00f1as de nuestros clientes se aprovechen al m\u00e1ximo.<\/p>\n<p align=\"justify\">El enfoque de nuestro contenido brinda el medio perfecto para comunicar una propuesta de m\u00e1xima calidad y nivel: autos de lujo, hoteles, productos alimenticios premium, aerol\u00edneas, tecnolog\u00eda, comunicaciones y un vasto n\u00famero de propuestas pensadas para este p\u00fablico tan exigente como exclusivo.<\/p>\n<div role=\"form\" class=\"wpcf7\" id=\"wpcf7-f3046-o1\" dir=\"ltr\">\n<div class=\"screen-reader-response\"><\/div>\n<form action=\"\/index.php?rest_route=%2Fwp%2Fv2%2Fpages%2F418#wpcf7-f3046-o1\" method=\"post\" class=\"wpcf7-form\" novalidate=\"novalidate\">\n<div style=\"display: none;\">\n<input type=\"hidden\" name=\"_wpcf7\" value=\"3046\" \/>\n<input type=\"hidden\" name=\"_wpcf7_version\" value=\"5.1.4\" \/>\n<input type=\"hidden\" name=\"_wpcf7_locale\" value=\"\" \/>\n<input type=\"hidden\" name=\"_wpcf7_unit_tag\" value=\"wpcf7-f3046-o1\" \/>\n<input type=\"hidden\" name=\"_wpcf7_container_post\" value=\"0\" \/>\n<\/div>\n<p>Tu nombre (obligatorio)<br \/>\n    <span class=\"wpcf7-form-control-wrap your-name\"><input type=\"text\" name=\"your-name\" value=\"\" size=\"40\" class=\"wpcf7-form-control wpcf7-text wpcf7-validates-as-required\" aria-required=\"true\" aria-invalid=\"false\" \/><\/span> <\/p>\n<p>Tu email (obligatorio)<br \/>\n    <span class=\"wpcf7-form-control-wrap your-email\"><input type=\"email\" name=\"your-email\" value=\"\" size=\"40\" class=\"wpcf7-form-control wpcf7-text wpcf7-email wpcf7-validates-as-required wpcf7-validates-as-email\" aria-required=\"true\" aria-invalid=\"false\" \/><\/span> <\/p>\n<p>Asunto<br \/>\n    <span class=\"wpcf7-form-control-wrap your-subject\"><input type=\"text\" name=\"your-subject\" value=\"\" size=\"40\" class=\"wpcf7-form-control wpcf7-text\" aria-invalid=\"false\" \/><\/span> <\/p>\n<p>Tu mensaje<br \/>\n    <span class=\"wpcf7-form-control-wrap your-message\"><textarea name=\"your-message\" cols=\"40\" rows=\"10\" class=\"wpcf7-form-control wpcf7-textarea\" aria-invalid=\"false\"><\/textarea><\/span> <\/p>\n<p><input type=\"submit\" value=\"Enviar\" class=\"wpcf7-form-control wpcf7-submit\" \/><\/p>\n<div class=\"wpcf7-response-output wpcf7-display-none\"><\/div><\/form><\/div>\n","protected":false},"excerpt":{"rendered":"<p>En Mr. TRADER estamos seguros que si hacemos lo necesario para que nuestros anunciantes y lectores obtengan ganancias entonces nuestra empresa tambi\u00e9n crecer\u00e1 y cada uno de los que forman nuestro equipo. La publicidad en Internet nos apasiona y damos nuestro mejor esfuerzo para combinar el contenido de nuestro sitio con la publicidad de su [&hellip;]<\/p>\n","protected":false},"author":1,"featured_media":0,"parent":0,"menu_order":3,"comment_status":"closed","ping_status":"open","template":"","meta":[],"yoast_head":"<!-- This site is optimized with the Yoast SEO plugin v19.10 - https:\/\/yoast.com\/wordpress\/plugins\/seo\/ -->\n<title>Publicitar en Mr. TRADER - M r. T r a d e r<\/title>\n<meta name=\"robots\" content=\"index, follow, max-snippet:-1, max-image-preview:large, max-video-preview:-1\" \/>\n<link rel=\"canonical\" href=\"http:\/\/www.mrtrader.com.ar\/?page_id=418\" \/>\n<meta property=\"og:locale\" content=\"es_ES\" \/>\n<meta property=\"og:type\" content=\"article\" \/>\n<meta property=\"og:title\" content=\"Publicitar en Mr. TRADER - M r. T r a d e r\" \/>\n<meta property=\"og:description\" content=\"En Mr. TRADER estamos seguros que si hacemos lo necesario para que nuestros anunciantes y lectores obtengan ganancias entonces nuestra empresa tambi\u00e9n crecer\u00e1 y cada uno de los que forman nuestro equipo. La publicidad en Internet nos apasiona y damos nuestro mejor esfuerzo para combinar el contenido de nuestro sitio con la publicidad de su [&hellip;]\" \/>\n<meta property=\"og:url\" content=\"http:\/\/www.mrtrader.com.ar\/?page_id=418\" \/>\n<meta property=\"og:site_name\" content=\"M r. T r a d e r\" \/>\n<meta property=\"article:modified_time\" content=\"2009-11-29T20:01:48+00:00\" \/>\n<meta name=\"twitter:card\" content=\"summary_large_image\" \/>\n<meta name=\"twitter:label1\" content=\"Tiempo de lectura\" \/>\n\t<meta name=\"twitter:data1\" content=\"1 minuto\" \/>\n<script type=\"application\/ld+json\" class=\"yoast-schema-graph\">{\"@context\":\"https:\/\/schema.org\",\"@graph\":[{\"@type\":\"WebPage\",\"@id\":\"http:\/\/www.mrtrader.com.ar\/?page_id=418\",\"url\":\"http:\/\/www.mrtrader.com.ar\/?page_id=418\",\"name\":\"Publicitar en Mr. TRADER - M r. T r a d e r\",\"isPartOf\":{\"@id\":\"http:\/\/www.mrtrader.com.ar\/#website\"},\"datePublished\":\"2009-03-17T17:49:31+00:00\",\"dateModified\":\"2009-11-29T20:01:48+00:00\",\"breadcrumb\":{\"@id\":\"http:\/\/www.mrtrader.com.ar\/?page_id=418#breadcrumb\"},\"inLanguage\":\"es\",\"potentialAction\":[{\"@type\":\"ReadAction\",\"target\":[\"http:\/\/www.mrtrader.com.ar\/?page_id=418\"]}]},{\"@type\":\"BreadcrumbList\",\"@id\":\"http:\/\/www.mrtrader.com.ar\/?page_id=418#breadcrumb\",\"itemListElement\":[{\"@type\":\"ListItem\",\"position\":1,\"name\":\"Portada\",\"item\":\"http:\/\/www.mrtrader.com.ar\/\"},{\"@type\":\"ListItem\",\"position\":2,\"name\":\"Publicitar en Mr. TRADER\"}]},{\"@type\":\"WebSite\",\"@id\":\"http:\/\/www.mrtrader.com.ar\/#website\",\"url\":\"http:\/\/www.mrtrader.com.ar\/\",\"name\":\"M r. T r a d e r\",\"description\":\"Entusiasmo por la verdad y el conocimiento\",\"publisher\":{\"@id\":\"http:\/\/www.mrtrader.com.ar\/#organization\"},\"potentialAction\":[{\"@type\":\"SearchAction\",\"target\":{\"@type\":\"EntryPoint\",\"urlTemplate\":\"http:\/\/www.mrtrader.com.ar\/?s={search_term_string}\"},\"query-input\":\"required name=search_term_string\"}],\"inLanguage\":\"es\"},{\"@type\":\"Organization\",\"@id\":\"http:\/\/www.mrtrader.com.ar\/#organization\",\"name\":\"M r. T r a d e r\",\"url\":\"http:\/\/www.mrtrader.com.ar\/\",\"logo\":{\"@type\":\"ImageObject\",\"inLanguage\":\"es\",\"@id\":\"http:\/\/www.mrtrader.com.ar\/#\/schema\/logo\/image\/\",\"url\":\"http:\/\/www.mrtrader.com.ar\/wp-content\/uploads\/2022\/11\/mrt_negro2.png\",\"contentUrl\":\"http:\/\/www.mrtrader.com.ar\/wp-content\/uploads\/2022\/11\/mrt_negro2.png\",\"width\":233,\"height\":86,\"caption\":\"M r. T r a d e r\"},\"image\":{\"@id\":\"http:\/\/www.mrtrader.com.ar\/#\/schema\/logo\/image\/\"}}]}<\/script>\n<!-- \/ Yoast SEO plugin. -->","yoast_head_json":{"title":"Publicitar en Mr. TRADER - M r. T r a d e r","robots":{"index":"index","follow":"follow","max-snippet":"max-snippet:-1","max-image-preview":"max-image-preview:large","max-video-preview":"max-video-preview:-1"},"canonical":"http:\/\/www.mrtrader.com.ar\/?page_id=418","og_locale":"es_ES","og_type":"article","og_title":"Publicitar en Mr. TRADER - M r. T r a d e r","og_description":"En Mr. TRADER estamos seguros que si hacemos lo necesario para que nuestros anunciantes y lectores obtengan ganancias entonces nuestra empresa tambi\u00e9n crecer\u00e1 y cada uno de los que forman nuestro equipo. La publicidad en Internet nos apasiona y damos nuestro mejor esfuerzo para combinar el contenido de nuestro sitio con la publicidad de su [&hellip;]","og_url":"http:\/\/www.mrtrader.com.ar\/?page_id=418","og_site_name":"M r. T r a d e r","article_modified_time":"2009-11-29T20:01:48+00:00","twitter_card":"summary_large_image","twitter_misc":{"Tiempo de lectura":"1 minuto"},"schema":{"@context":"https:\/\/schema.org","@graph":[{"@type":"WebPage","@id":"http:\/\/www.mrtrader.com.ar\/?page_id=418","url":"http:\/\/www.mrtrader.com.ar\/?page_id=418","name":"Publicitar en Mr. TRADER - M r. T r a d e r","isPartOf":{"@id":"http:\/\/www.mrtrader.com.ar\/#website"},"datePublished":"2009-03-17T17:49:31+00:00","dateModified":"2009-11-29T20:01:48+00:00","breadcrumb":{"@id":"http:\/\/www.mrtrader.com.ar\/?page_id=418#breadcrumb"},"inLanguage":"es","potentialAction":[{"@type":"ReadAction","target":["http:\/\/www.mrtrader.com.ar\/?page_id=418"]}]},{"@type":"BreadcrumbList","@id":"http:\/\/www.mrtrader.com.ar\/?page_id=418#breadcrumb","itemListElement":[{"@type":"ListItem","position":1,"name":"Portada","item":"http:\/\/www.mrtrader.com.ar\/"},{"@type":"ListItem","position":2,"name":"Publicitar en Mr. TRADER"}]},{"@type":"WebSite","@id":"http:\/\/www.mrtrader.com.ar\/#website","url":"http:\/\/www.mrtrader.com.ar\/","name":"M r. T r a d e r","description":"Entusiasmo por la verdad y el conocimiento","publisher":{"@id":"http:\/\/www.mrtrader.com.ar\/#organization"},"potentialAction":[{"@type":"SearchAction","target":{"@type":"EntryPoint","urlTemplate":"http:\/\/www.mrtrader.com.ar\/?s={search_term_string}"},"query-input":"required name=search_term_string"}],"inLanguage":"es"},{"@type":"Organization","@id":"http:\/\/www.mrtrader.com.ar\/#organization","name":"M r. T r a d e r","url":"http:\/\/www.mrtrader.com.ar\/","logo":{"@type":"ImageObject","inLanguage":"es","@id":"http:\/\/www.mrtrader.com.ar\/#\/schema\/logo\/image\/","url":"http:\/\/www.mrtrader.com.ar\/wp-content\/uploads\/2022\/11\/mrt_negro2.png","contentUrl":"http:\/\/www.mrtrader.com.ar\/wp-content\/uploads\/2022\/11\/mrt_negro2.png","width":233,"height":86,"caption":"M r. T r a d e r"},"image":{"@id":"http:\/\/www.mrtrader.com.ar\/#\/schema\/logo\/image\/"}}]}},"_links":{"self":[{"href":"http:\/\/www.mrtrader.com.ar\/index.php?rest_route=\/wp\/v2\/pages\/418"}],"collection":[{"href":"http:\/\/www.mrtrader.com.ar\/index.php?rest_route=\/wp\/v2\/pages"}],"about":[{"href":"http:\/\/www.mrtrader.com.ar\/index.php?rest_route=\/wp\/v2\/types\/page"}],"author":[{"embeddable":true,"href":"http:\/\/www.mrtrader.com.ar\/index.php?rest_route=\/wp\/v2\/users\/1"}],"replies":[{"embeddable":true,"href":"http:\/\/www.mrtrader.com.ar\/index.php?rest_route=%2Fwp%2Fv2%2Fcomments&post=418"}],"version-history":[{"count":13,"href":"http:\/\/www.mrtrader.com.ar\/index.php?rest_route=\/wp\/v2\/pages\/418\/revisions"}],"predecessor-version":[{"id":422,"href":"http:\/\/www.mrtrader.com.ar\/index.php?rest_route=\/wp\/v2\/pages\/418\/revisions\/422"}],"wp:attachment":[{"href":"http:\/\/www.mrtrader.com.ar\/index.php?rest_route=%2Fwp%2Fv2%2Fmedia&parent=418"}],"curies":[{"name":"wp","href":"https:\/\/api.w.org\/{rel}","templated":true}]}}