{"id":591,"date":"2009-04-12T16:55:05","date_gmt":"2009-04-12T19:55:05","guid":{"rendered":"http:\/\/www.mrtrader.com.ar\/?page_id=591"},"modified":"2009-04-27T21:59:43","modified_gmt":"2009-04-28T00:59:43","slug":"advertencia","status":"publish","type":"page","link":"http:\/\/www.mrtrader.com.ar\/?page_id=591","title":{"rendered":"Advertencia"},"content":{"rendered":"<p>\u00a0<\/p>\n<div class=\"Section1\">\n<p class=\"MsoNormal\" style=\"margin-bottom: 7.5pt; line-height: 14.25pt;\"><strong><span style=\"font-size: 12pt; color: #3e8cdd; font-family: 'Trebuchet MS','sans-serif'; mso-fareast-font-family: 'Times New Roman'; mso-bidi-font-family: Arial; mso-fareast-language: ES;\">Advertencia sobre Riesgos<\/span><\/strong><\/p>\n<p class=\"MsoNormal\" style=\"margin-bottom: 9.75pt; mso-line-height-alt: 14.25pt;\"><span style=\"font-size: 14.5pt; color: #06498f; font-family: 'Trebuchet MS','sans-serif'; mso-fareast-font-family: 'Times New Roman'; mso-bidi-font-family: Arial; mso-fareast-language: ES;\">Identifique los Riesgos<\/span><\/p>\n<p class=\"MsoNormal\" style=\"margin-bottom: 0pt; line-height: 14.25pt;\"><strong><span style=\"font-size: 9pt; color: #ec6c18; font-family: 'Verdana','sans-serif'; mso-fareast-font-family: 'Times New Roman'; mso-bidi-font-family: Arial; mso-fareast-language: ES;\">Opiniones Sobre el Mercado y publicidad de firmas que aparecen en el sitio www.mrtrader.com.ar <\/span><\/strong><\/p>\n<p class=\"MsoNormal\" style=\"margin-bottom: 0pt; line-height: 14.25pt;\"><strong><span style=\"font-size: 9pt; color: #ec6c18; font-family: 'Verdana','sans-serif'; mso-fareast-font-family: 'Times New Roman'; mso-bidi-font-family: Arial; mso-fareast-language: ES;\">\u00a0<\/span><\/strong><\/p>\n<p class=\"MsoNormal\" style=\"margin-bottom: 0pt; line-height: 14.25pt;\"><span style=\"font-size: 10pt; color: #333333; font-family: 'Arial','sans-serif'; mso-fareast-font-family: 'Times New Roman'; mso-fareast-language: ES;\">Cualquier opini\u00f3n, noticia, investigaci\u00f3n, an\u00e1lisis, precio, u otra fuente de informaci\u00f3n proporcionada inclusive publicidad en este sitio Web es suministrada como un comentario general sobre el mercado y no constituye asesoramiento para invertir. <a href=\"http:\/\/www.mrtrader.com.ar\/\"><span style=\"color: #800080;\">www.mrtrader.com.ar<\/span><\/a> no se hace responsable por perdidas o da\u00f1os, incluyendo pero sin limitaci\u00f3n, la perdida de ganancias ocasionada directa o indirectamente por el uso o la dependencia a informaci\u00f3n proporcionada en este sitio Web.<\/span><\/p>\n<p class=\"MsoNormal\" style=\"margin-bottom: 0pt; line-height: 14.25pt;\"><strong><span style=\"font-size: 9pt; color: #ec6c18; font-family: 'Verdana','sans-serif'; mso-fareast-font-family: 'Times New Roman'; mso-bidi-font-family: Arial; mso-fareast-language: ES;\">\u00a0<\/span><\/strong><\/p>\n<p class=\"MsoNormal\" style=\"margin-bottom: 0pt; line-height: 14.25pt;\"><strong><span style=\"font-size: 9pt; color: #ec6c18; font-family: 'Verdana','sans-serif'; mso-fareast-font-family: 'Times New Roman'; mso-bidi-font-family: Arial; mso-fareast-language: ES;\">Precisi\u00f3n de la Informaci\u00f3n en el sitio www.mrtrader.com.ar<\/span><\/strong><\/p>\n<p class=\"MsoNormal\" style=\"line-height: 14.25pt; mso-margin-top-alt: auto; mso-margin-bottom-alt: auto;\"><span style=\"font-size: 10pt; color: #333333; font-family: 'Arial','sans-serif'; mso-fareast-font-family: 'Times New Roman'; mso-fareast-language: ES;\">El contenido de este sitio Web est\u00e1 sujeto a cambios sin previo aviso, se han tomado medidas razonables para asegurarse de la precisi\u00f3n de la informaci\u00f3n proporcionada en este sitio Web, sin embargo, no garantizamos su exactitud y no aceptamos responsabilidad alguna por cualquier da\u00f1o y\/o perdida que pueda surgir directa o indirectamente por el contenido de este sitio Web, por su incapacidad para acceder a este mismo. Por cualquier demora y\/o falla en la transmisi\u00f3n o recepci\u00f3n de cualquier instrucci\u00f3n o notificaci\u00f3n enviada por medio de este sitio Web. <\/span><\/p>\n<p class=\"MsoNormal\" style=\"margin-bottom: 0pt; line-height: 14.25pt;\"><strong><span style=\"font-size: 9pt; color: #ec6c18; font-family: 'Verdana','sans-serif'; mso-fareast-font-family: 'Times New Roman'; mso-bidi-font-family: Arial; mso-fareast-language: ES;\">Distribuci\u00f3n<\/span><\/strong><\/p>\n<p class=\"MsoNormal\" style=\"line-height: 14.25pt; mso-margin-top-alt: auto; mso-margin-bottom-alt: auto;\"><span style=\"font-size: 10pt; color: #333333; font-family: 'Arial','sans-serif'; mso-fareast-font-family: 'Times New Roman'; mso-fareast-language: ES;\">Este sitio Web no est\u00e1 previsto para ser distribuido o usado por personas viviendo en pa\u00edses donde dicha distribuci\u00f3n o uso es contrario a las leyes o reglamentaciones locales. Ninguno de los servicios o inversiones mencionadas en este sitio Web est\u00e1n disponibles para personas viviendo en pa\u00edses donde la prestaci\u00f3n de dichos servicios o inversiones es contraria a lo establecido en las leyes o regulaciones locales. Todo usuario de este sitio Web es responsable de examinar los t\u00e9rminos y de cumplir con cualquier ley o regulaci\u00f3n domestica a la cual este sujeto. <\/span><\/p>\n<p class=\"MsoNormal\" style=\"margin-bottom: 0pt; line-height: 14.25pt;\"><strong><span style=\"font-size: 9pt; color: #ec6c18; font-family: 'Verdana','sans-serif'; mso-fareast-font-family: 'Times New Roman'; mso-bidi-font-family: Arial; mso-fareast-language: ES;\">Sobre publicidad por Adsense Google<\/span><\/strong><\/p>\n<p class=\"MsoNormal\" style=\"line-height: 14.25pt; mso-margin-top-alt: auto; mso-margin-bottom-alt: auto;\"><span style=\"font-size: 10pt; color: #333333; font-family: 'Arial','sans-serif'; mso-fareast-font-family: 'Times New Roman'; mso-fareast-language: ES;\">Google utiliza empresas publicitarias asociadas para publicar anuncios cuando los usuarios visitan nuestro sitio web. Es posible que estas empresas usen la informaci\u00f3n que obtienen de las visitas a este y a otros sitios web (sin incluir nombre, direcci\u00f3n, direcci\u00f3n de correo electr\u00f3nico o n\u00famero de tel\u00e9fono) para ofrecer a los usuarios anuncios sobre productos y servicios que les resulten de inter\u00e9s. Si desea obtener m\u00e1s informaci\u00f3n sobre esta pr\u00e1ctica y conocer las opciones de que dispone para impedir que estas empresas usen dicha informaci\u00f3n, <a href=\"http:\/\/www.google.com\/privacy_ads.html\"><span style=\"color: #0000cc;\">haga clic aqu\u00ed<\/span><\/a>.<\/span><\/p>\n<\/div>\n","protected":false},"excerpt":{"rendered":"<p>\u00a0 Advertencia sobre Riesgos Identifique los Riesgos Opiniones Sobre el Mercado y publicidad de firmas que aparecen en el sitio www.mrtrader.com.ar \u00a0 Cualquier opini\u00f3n, noticia, investigaci\u00f3n, an\u00e1lisis, precio, u otra fuente de informaci\u00f3n proporcionada inclusive publicidad en este sitio Web es suministrada como un comentario general sobre el mercado y no constituye asesoramiento para invertir. [&hellip;]<\/p>\n","protected":false},"author":1,"featured_media":0,"parent":0,"menu_order":6,"comment_status":"open","ping_status":"open","template":"","meta":[],"yoast_head":"<!-- This site is optimized with the Yoast SEO plugin v19.10 - https:\/\/yoast.com\/wordpress\/plugins\/seo\/ -->\n<title>Advertencia  - M r. T r a d e r<\/title>\n<meta name=\"robots\" content=\"index, follow, max-snippet:-1, max-image-preview:large, max-video-preview:-1\" \/>\n<link rel=\"canonical\" href=\"http:\/\/www.mrtrader.com.ar\/?page_id=591\" \/>\n<meta property=\"og:locale\" content=\"es_ES\" \/>\n<meta property=\"og:type\" content=\"article\" \/>\n<meta property=\"og:title\" content=\"Advertencia  - M r. T r a d e r\" \/>\n<meta property=\"og:description\" content=\"\u00a0 Advertencia sobre Riesgos Identifique los Riesgos Opiniones Sobre el Mercado y publicidad de firmas que aparecen en el sitio www.mrtrader.com.ar \u00a0 Cualquier opini\u00f3n, noticia, investigaci\u00f3n, an\u00e1lisis, precio, u otra fuente de informaci\u00f3n proporcionada inclusive publicidad en este sitio Web es suministrada como un comentario general sobre el mercado y no constituye asesoramiento para invertir. [&hellip;]\" \/>\n<meta property=\"og:url\" content=\"http:\/\/www.mrtrader.com.ar\/?page_id=591\" \/>\n<meta property=\"og:site_name\" content=\"M r. T r a d e r\" \/>\n<meta property=\"article:modified_time\" content=\"2009-04-28T00:59:43+00:00\" \/>\n<meta name=\"twitter:card\" content=\"summary_large_image\" \/>\n<meta name=\"twitter:label1\" content=\"Tiempo de lectura\" \/>\n\t<meta name=\"twitter:data1\" content=\"2 minutos\" \/>\n<script type=\"application\/ld+json\" class=\"yoast-schema-graph\">{\"@context\":\"https:\/\/schema.org\",\"@graph\":[{\"@type\":\"WebPage\",\"@id\":\"http:\/\/www.mrtrader.com.ar\/?page_id=591\",\"url\":\"http:\/\/www.mrtrader.com.ar\/?page_id=591\",\"name\":\"Advertencia - M r. T r a d e r\",\"isPartOf\":{\"@id\":\"https:\/\/www.mrtrader.com.ar\/#website\"},\"datePublished\":\"2009-04-12T19:55:05+00:00\",\"dateModified\":\"2009-04-28T00:59:43+00:00\",\"breadcrumb\":{\"@id\":\"http:\/\/www.mrtrader.com.ar\/?page_id=591#breadcrumb\"},\"inLanguage\":\"es\",\"potentialAction\":[{\"@type\":\"ReadAction\",\"target\":[\"http:\/\/www.mrtrader.com.ar\/?page_id=591\"]}]},{\"@type\":\"BreadcrumbList\",\"@id\":\"http:\/\/www.mrtrader.com.ar\/?page_id=591#breadcrumb\",\"itemListElement\":[{\"@type\":\"ListItem\",\"position\":1,\"name\":\"Portada\",\"item\":\"https:\/\/www.mrtrader.com.ar\/\"},{\"@type\":\"ListItem\",\"position\":2,\"name\":\"Advertencia\"}]},{\"@type\":\"WebSite\",\"@id\":\"https:\/\/www.mrtrader.com.ar\/#website\",\"url\":\"https:\/\/www.mrtrader.com.ar\/\",\"name\":\"M r. T r a d e r\",\"description\":\"Entusiasmo por la verdad y el conocimiento\",\"publisher\":{\"@id\":\"https:\/\/www.mrtrader.com.ar\/#organization\"},\"potentialAction\":[{\"@type\":\"SearchAction\",\"target\":{\"@type\":\"EntryPoint\",\"urlTemplate\":\"https:\/\/www.mrtrader.com.ar\/?s={search_term_string}\"},\"query-input\":\"required name=search_term_string\"}],\"inLanguage\":\"es\"},{\"@type\":\"Organization\",\"@id\":\"https:\/\/www.mrtrader.com.ar\/#organization\",\"name\":\"M r. T r a d e r\",\"url\":\"https:\/\/www.mrtrader.com.ar\/\",\"logo\":{\"@type\":\"ImageObject\",\"inLanguage\":\"es\",\"@id\":\"https:\/\/www.mrtrader.com.ar\/#\/schema\/logo\/image\/\",\"url\":\"http:\/\/www.mrtrader.com.ar\/wp-content\/uploads\/2022\/11\/mrt_negro2.png\",\"contentUrl\":\"http:\/\/www.mrtrader.com.ar\/wp-content\/uploads\/2022\/11\/mrt_negro2.png\",\"width\":233,\"height\":86,\"caption\":\"M r. T r a d e r\"},\"image\":{\"@id\":\"https:\/\/www.mrtrader.com.ar\/#\/schema\/logo\/image\/\"}}]}<\/script>\n<!-- \/ Yoast SEO plugin. -->","yoast_head_json":{"title":"Advertencia  - M r. T r a d e r","robots":{"index":"index","follow":"follow","max-snippet":"max-snippet:-1","max-image-preview":"max-image-preview:large","max-video-preview":"max-video-preview:-1"},"canonical":"http:\/\/www.mrtrader.com.ar\/?page_id=591","og_locale":"es_ES","og_type":"article","og_title":"Advertencia  - M r. T r a d e r","og_description":"\u00a0 Advertencia sobre Riesgos Identifique los Riesgos Opiniones Sobre el Mercado y publicidad de firmas que aparecen en el sitio www.mrtrader.com.ar \u00a0 Cualquier opini\u00f3n, noticia, investigaci\u00f3n, an\u00e1lisis, precio, u otra fuente de informaci\u00f3n proporcionada inclusive publicidad en este sitio Web es suministrada como un comentario general sobre el mercado y no constituye asesoramiento para invertir. [&hellip;]","og_url":"http:\/\/www.mrtrader.com.ar\/?page_id=591","og_site_name":"M r. T r a d e r","article_modified_time":"2009-04-28T00:59:43+00:00","twitter_card":"summary_large_image","twitter_misc":{"Tiempo de lectura":"2 minutos"},"schema":{"@context":"https:\/\/schema.org","@graph":[{"@type":"WebPage","@id":"http:\/\/www.mrtrader.com.ar\/?page_id=591","url":"http:\/\/www.mrtrader.com.ar\/?page_id=591","name":"Advertencia - M r. T r a d e r","isPartOf":{"@id":"https:\/\/www.mrtrader.com.ar\/#website"},"datePublished":"2009-04-12T19:55:05+00:00","dateModified":"2009-04-28T00:59:43+00:00","breadcrumb":{"@id":"http:\/\/www.mrtrader.com.ar\/?page_id=591#breadcrumb"},"inLanguage":"es","potentialAction":[{"@type":"ReadAction","target":["http:\/\/www.mrtrader.com.ar\/?page_id=591"]}]},{"@type":"BreadcrumbList","@id":"http:\/\/www.mrtrader.com.ar\/?page_id=591#breadcrumb","itemListElement":[{"@type":"ListItem","position":1,"name":"Portada","item":"https:\/\/www.mrtrader.com.ar\/"},{"@type":"ListItem","position":2,"name":"Advertencia"}]},{"@type":"WebSite","@id":"https:\/\/www.mrtrader.com.ar\/#website","url":"https:\/\/www.mrtrader.com.ar\/","name":"M r. T r a d e r","description":"Entusiasmo por la verdad y el conocimiento","publisher":{"@id":"https:\/\/www.mrtrader.com.ar\/#organization"},"potentialAction":[{"@type":"SearchAction","target":{"@type":"EntryPoint","urlTemplate":"https:\/\/www.mrtrader.com.ar\/?s={search_term_string}"},"query-input":"required name=search_term_string"}],"inLanguage":"es"},{"@type":"Organization","@id":"https:\/\/www.mrtrader.com.ar\/#organization","name":"M r. T r a d e r","url":"https:\/\/www.mrtrader.com.ar\/","logo":{"@type":"ImageObject","inLanguage":"es","@id":"https:\/\/www.mrtrader.com.ar\/#\/schema\/logo\/image\/","url":"http:\/\/www.mrtrader.com.ar\/wp-content\/uploads\/2022\/11\/mrt_negro2.png","contentUrl":"http:\/\/www.mrtrader.com.ar\/wp-content\/uploads\/2022\/11\/mrt_negro2.png","width":233,"height":86,"caption":"M r. T r a d e r"},"image":{"@id":"https:\/\/www.mrtrader.com.ar\/#\/schema\/logo\/image\/"}}]}},"_links":{"self":[{"href":"http:\/\/www.mrtrader.com.ar\/index.php?rest_route=\/wp\/v2\/pages\/591"}],"collection":[{"href":"http:\/\/www.mrtrader.com.ar\/index.php?rest_route=\/wp\/v2\/pages"}],"about":[{"href":"http:\/\/www.mrtrader.com.ar\/index.php?rest_route=\/wp\/v2\/types\/page"}],"author":[{"embeddable":true,"href":"http:\/\/www.mrtrader.com.ar\/index.php?rest_route=\/wp\/v2\/users\/1"}],"replies":[{"embeddable":true,"href":"http:\/\/www.mrtrader.com.ar\/index.php?rest_route=%2Fwp%2Fv2%2Fcomments&post=591"}],"version-history":[{"count":4,"href":"http:\/\/www.mrtrader.com.ar\/index.php?rest_route=\/wp\/v2\/pages\/591\/revisions"}],"predecessor-version":[{"id":593,"href":"http:\/\/www.mrtrader.com.ar\/index.php?rest_route=\/wp\/v2\/pages\/591\/revisions\/593"}],"wp:attachment":[{"href":"http:\/\/www.mrtrader.com.ar\/index.php?rest_route=%2Fwp%2Fv2%2Fmedia&parent=591"}],"curies":[{"name":"wp","href":"https:\/\/api.w.org\/{rel}","templated":true}]}}